{"id":2441,"date":"2019-08-05T11:49:23","date_gmt":"2019-08-05T09:49:23","guid":{"rendered":"http:\/\/demo.netech.it\/duea\/tunnel-agricoli-e-coperture-in-telo\/"},"modified":"2022-08-30T18:01:41","modified_gmt":"2022-08-30T16:01:41","slug":"tunel-petru-agricultura-acoperiti-cu-prelata","status":"publish","type":"page","link":"https:\/\/www.antoniniduea.it\/ro\/tunel-petru-agricultura-acoperiti-cu-prelata\/","title":{"rendered":"Tunel petru agricultur\u0103 acoperiti cu prelata"},"content":{"rendered":"\t\t<div data-elementor-type=\"wp-page\" data-elementor-id=\"2441\" class=\"elementor elementor-2441 elementor-2241\" data-elementor-settings=\"[]\">\n\t\t\t\t\t\t<div class=\"elementor-inner\">\n\t\t\t\t\t\t\t<div class=\"elementor-section-wrap\">\n\t\t\t\t\t\t\t<section class=\"has_eae_slider elementor-section elementor-top-section elementor-element elementor-element-636fda5b elementor-section-boxed elementor-section-height-default elementor-section-height-default\" data-id=\"636fda5b\" data-element_type=\"section\">\n\t\t\t\t\t\t<div class=\"elementor-container elementor-column-gap-default\">\n\t\t\t\t\t\t\t<div class=\"elementor-row\">\n\t\t\t\t\t<div class=\"has_eae_slider elementor-column elementor-col-100 elementor-top-column elementor-element elementor-element-49205db6\" data-id=\"49205db6\" data-element_type=\"column\">\n\t\t\t<div class=\"elementor-column-wrap elementor-element-populated\">\n\t\t\t\t\t\t\t<div class=\"elementor-widget-wrap\">\n\t\t\t\t\t\t<div class=\"elementor-element elementor-element-5821c1d5 elementor-widget elementor-widget-text-editor\" data-id=\"5821c1d5\" data-element_type=\"widget\" data-widget_type=\"text-editor.default\">\n\t\t\t\t<div class=\"elementor-widget-container\">\n\t\t\t\t\t<div class=\"elementor-text-editor elementor-clearfix\">\r\n<p>Proiectarea, producerea \u0219i instalarea tunelurilor agricole \u0219i a structurilor acoperite cu prelat\u0103, o solu\u021bie ideal\u0103 pentru cei care caut\u0103 o structur\u0103 cu instalare rapid\u0103, ieftin\u0103 dar robust\u0103 \u0219i durabil\u0103. Tunelurile DueA sunt produsul ideal pentru cei care trebuie s\u0103 construiasc\u0103 un hambar, fanar, \u00a0depozit pentru utilaje agricole, \u0219opron pentru unelte, grajdiul pentru bovine, oi sau capre \u0219i, \u00een final, extensiile \u0219i acoperisurile spa\u021biilor existente.<\/p>\r\n\r\n\r\n\r\n<p>Producem hangaruri din p\u00e2nz\u0103 \u00een mai mult de 170 de modele diferite care pot fi adaptate la cele mai variate utiliz\u0103ri, combina\u021bii infinite de m\u0103suri pentru a putea profita la maximum de spa\u021biul necesar \u0219i disponibil \u00een companie.<\/p>\r\n<\/div>\n\t\t\t\t<\/div>\n\t\t\t\t<\/div>\n\t\t\t\t<div class=\"elementor-element elementor-element-653da84 elementor-widget elementor-widget-button\" data-id=\"653da84\" data-element_type=\"widget\" data-widget_type=\"button.default\">\n\t\t\t\t<div class=\"elementor-widget-container\">\n\t\t\t\t\t<div class=\"elementor-button-wrapper\">\n\t\t\t<a href=\"https:\/\/www.sfogliami.it\/fl\/258857\/n25144vvvfv49t4nhkuyeq7ypkx9v2g3\" class=\"elementor-button-link elementor-button elementor-size-lg\" role=\"button\">\n\t\t\t\t\t\t<span class=\"elementor-button-content-wrapper\">\n\t\t\t\t\t\t<span class=\"elementor-button-text\">Vizualiza\u021bi bro\u0219ura FarmTunnel Bovine<\/span>\n\t\t<\/span>\n\t\t\t\t\t<\/a>\n\t\t<\/div>\n\t\t\t\t<\/div>\n\t\t\t\t<\/div>\n\t\t\t\t<div class=\"elementor-element elementor-element-3f52b0d elementor-widget elementor-widget-button\" data-id=\"3f52b0d\" data-element_type=\"widget\" data-widget_type=\"button.default\">\n\t\t\t\t<div class=\"elementor-widget-container\">\n\t\t\t\t\t<div class=\"elementor-button-wrapper\">\n\t\t\t<a href=\"https:\/\/www.sfogliami.it\/fl\/258855\/ey41duty15esm8vmt2zm8gsy2btysx6k\" class=\"elementor-button-link elementor-button elementor-size-lg\" role=\"button\">\n\t\t\t\t\t\t<span class=\"elementor-button-content-wrapper\">\n\t\t\t\t\t\t<span class=\"elementor-button-text\">Vizualiza\u021bi bro\u0219ura Coperte Bro\u0219ur\u0103 p\u00e2nz\u0103<\/span>\n\t\t<\/span>\n\t\t\t\t\t<\/a>\n\t\t<\/div>\n\t\t\t\t<\/div>\n\t\t\t\t<\/div>\n\t\t\t\t<div class=\"elementor-element elementor-element-ca7dba9 elementor-widget elementor-widget-button\" data-id=\"ca7dba9\" data-element_type=\"widget\" data-widget_type=\"button.default\">\n\t\t\t\t<div class=\"elementor-widget-container\">\n\t\t\t\t\t<div class=\"elementor-button-wrapper\">\n\t\t\t<a href=\"https:\/\/www.sfogliami.it\/fl\/258853\/mp9bpveqdcn8qcr8fq1r6eyyeyxgdv3n\" class=\"elementor-button-link elementor-button elementor-size-lg\" role=\"button\">\n\t\t\t\t\t\t<span class=\"elementor-button-content-wrapper\">\n\t\t\t\t\t\t<span class=\"elementor-button-text\">Vizualiza\u021bi bro\u0219ura Farm Tunnel Ovine<\/span>\n\t\t<\/span>\n\t\t\t\t\t<\/a>\n\t\t<\/div>\n\t\t\t\t<\/div>\n\t\t\t\t<\/div>\n\t\t\t\t\t\t<\/div>\n\t\t\t\t\t<\/div>\n\t\t<\/div>\n\t\t\t\t\t\t\t\t<\/div>\n\t\t\t\t\t<\/div>\n\t\t<\/section>\n\t\t\t\t\t\t<\/div>\n\t\t\t\t\t\t<\/div>\n\t\t\t\t\t<\/div>\n\t\t","protected":false},"excerpt":{"rendered":"<p>Proiectarea, producerea \u0219i instalarea tunelurilor agricole \u0219i a structurilor acoperite cu prelat\u0103, o solu\u021bie ideal\u0103 pentru cei care caut\u0103 o structur\u0103 cu instalare rapid\u0103, ieftin\u0103 dar robust\u0103 \u0219i durabil\u0103. Tunelurile DueA sunt produsul ideal pentru cei care trebuie s\u0103 construiasc\u0103 un hambar, fanar, \u00a0depozit pentru utilaje agricole, \u0219opron pentru unelte, grajdiul pentru bovine, oi sau &hellip; <a href=\"https:\/\/www.antoniniduea.it\/ro\/tunel-petru-agricultura-acoperiti-cu-prelata\/\" class=\"more-link\">Continue reading<span class=\"screen-reader-text\"> &#8220;Tunel petru agricultur\u0103 acoperiti cu prelata&#8221;<\/span><\/a><\/p>\n","protected":false},"author":8,"featured_media":0,"parent":0,"menu_order":0,"comment_status":"closed","ping_status":"closed","template":"page-categoria.php","meta":[],"yoast_head":"<!-- This site is optimized with the Yoast SEO plugin v15.9.1 - https:\/\/yoast.com\/wordpress\/plugins\/seo\/ -->\n<title>Tunel petru agricultur\u0103 acoperiti cu prelata - DUE A<\/title>\n<link rel=\"canonical\" href=\"https:\/\/www.antoniniduea.it\/ro\/tunel-petru-agricultura-acoperiti-cu-prelata\/\" \/>\n<meta property=\"og:locale\" content=\"ro_RO\" \/>\n<meta property=\"og:type\" content=\"article\" \/>\n<meta property=\"og:title\" content=\"Tunel petru agricultur\u0103 acoperiti cu prelata - DUE A\" \/>\n<meta property=\"og:description\" content=\"Proiectarea, producerea \u0219i instalarea tunelurilor agricole \u0219i a structurilor acoperite cu prelat\u0103, o solu\u021bie ideal\u0103 pentru cei care caut\u0103 o structur\u0103 cu instalare rapid\u0103, ieftin\u0103 dar robust\u0103 \u0219i durabil\u0103. Tunelurile DueA sunt produsul ideal pentru cei care trebuie s\u0103 construiasc\u0103 un hambar, fanar, \u00a0depozit pentru utilaje agricole, \u0219opron pentru unelte, grajdiul pentru bovine, oi sau &hellip; Continue reading &quot;Tunel petru agricultur\u0103 acoperiti cu prelata&quot;\" \/>\n<meta property=\"og:url\" content=\"https:\/\/www.antoniniduea.it\/ro\/tunel-petru-agricultura-acoperiti-cu-prelata\/\" \/>\n<meta property=\"og:site_name\" content=\"DUE A\" \/>\n<meta property=\"article:modified_time\" content=\"2022-08-30T16:01:41+00:00\" \/>\n<meta name=\"twitter:card\" content=\"summary_large_image\" \/>\n<meta name=\"twitter:label1\" content=\"Timp estimat pentru citire\">\n\t<meta name=\"twitter:data1\" content=\"1 minut\">\n<script type=\"application\/ld+json\" class=\"yoast-schema-graph\">{\"@context\":\"https:\/\/schema.org\",\"@graph\":[{\"@type\":\"Organization\",\"@id\":\"https:\/\/www.antoniniduea.it\/ro\/#organization\",\"name\":\"Antonini DueA\",\"url\":\"https:\/\/www.antoniniduea.it\/ro\/\",\"sameAs\":[],\"logo\":{\"@type\":\"ImageObject\",\"@id\":\"https:\/\/www.antoniniduea.it\/ro\/#logo\",\"inLanguage\":\"ro-RO\",\"url\":\"https:\/\/www.antoniniduea.it\/wp-content\/uploads\/2021\/03\/logo-duea-agrizootech.png\",\"width\":187,\"height\":100,\"caption\":\"Antonini DueA\"},\"image\":{\"@id\":\"https:\/\/www.antoniniduea.it\/ro\/#logo\"}},{\"@type\":\"WebSite\",\"@id\":\"https:\/\/www.antoniniduea.it\/ro\/#website\",\"url\":\"https:\/\/www.antoniniduea.it\/ro\/\",\"name\":\"DUE A\",\"description\":\"Produzione Tunnel Agricoli, Box per vitelli nuovi e usati\",\"publisher\":{\"@id\":\"https:\/\/www.antoniniduea.it\/ro\/#organization\"},\"potentialAction\":[{\"@type\":\"SearchAction\",\"target\":\"https:\/\/www.antoniniduea.it\/ro\/?s={search_term_string}\",\"query-input\":\"required name=search_term_string\"}],\"inLanguage\":\"ro-RO\"},{\"@type\":\"WebPage\",\"@id\":\"https:\/\/www.antoniniduea.it\/ro\/tunel-petru-agricultura-acoperiti-cu-prelata\/#webpage\",\"url\":\"https:\/\/www.antoniniduea.it\/ro\/tunel-petru-agricultura-acoperiti-cu-prelata\/\",\"name\":\"Tunel petru agricultur\\u0103 acoperiti cu prelata - DUE A\",\"isPartOf\":{\"@id\":\"https:\/\/www.antoniniduea.it\/ro\/#website\"},\"datePublished\":\"2019-08-05T09:49:23+00:00\",\"dateModified\":\"2022-08-30T16:01:41+00:00\",\"breadcrumb\":{\"@id\":\"https:\/\/www.antoniniduea.it\/ro\/tunel-petru-agricultura-acoperiti-cu-prelata\/#breadcrumb\"},\"inLanguage\":\"ro-RO\",\"potentialAction\":[{\"@type\":\"ReadAction\",\"target\":[\"https:\/\/www.antoniniduea.it\/ro\/tunel-petru-agricultura-acoperiti-cu-prelata\/\"]}]},{\"@type\":\"BreadcrumbList\",\"@id\":\"https:\/\/www.antoniniduea.it\/ro\/tunel-petru-agricultura-acoperiti-cu-prelata\/#breadcrumb\",\"itemListElement\":[{\"@type\":\"ListItem\",\"position\":1,\"item\":{\"@type\":\"WebPage\",\"@id\":\"https:\/\/www.antoniniduea.it\/ro\/\",\"url\":\"https:\/\/www.antoniniduea.it\/ro\/\",\"name\":\"Home\"}},{\"@type\":\"ListItem\",\"position\":2,\"item\":{\"@type\":\"WebPage\",\"@id\":\"https:\/\/www.antoniniduea.it\/ro\/tunel-petru-agricultura-acoperiti-cu-prelata\/\",\"url\":\"https:\/\/www.antoniniduea.it\/ro\/tunel-petru-agricultura-acoperiti-cu-prelata\/\",\"name\":\"Tunel petru agricultur\\u0103 acoperiti cu prelata\"}}]}]}<\/script>\n<!-- \/ Yoast SEO plugin. -->","_links":{"self":[{"href":"https:\/\/www.antoniniduea.it\/ro\/wp-json\/wp\/v2\/pages\/2441"}],"collection":[{"href":"https:\/\/www.antoniniduea.it\/ro\/wp-json\/wp\/v2\/pages"}],"about":[{"href":"https:\/\/www.antoniniduea.it\/ro\/wp-json\/wp\/v2\/types\/page"}],"author":[{"embeddable":true,"href":"https:\/\/www.antoniniduea.it\/ro\/wp-json\/wp\/v2\/users\/8"}],"replies":[{"embeddable":true,"href":"https:\/\/www.antoniniduea.it\/ro\/wp-json\/wp\/v2\/comments?post=2441"}],"version-history":[{"count":14,"href":"https:\/\/www.antoniniduea.it\/ro\/wp-json\/wp\/v2\/pages\/2441\/revisions"}],"predecessor-version":[{"id":9279,"href":"https:\/\/www.antoniniduea.it\/ro\/wp-json\/wp\/v2\/pages\/2441\/revisions\/9279"}],"wp:attachment":[{"href":"https:\/\/www.antoniniduea.it\/ro\/wp-json\/wp\/v2\/media?parent=2441"}],"curies":[{"name":"wp","href":"https:\/\/api.w.org\/{rel}","templated":true}]}}