{"id":2691,"date":"2019-06-07T16:51:36","date_gmt":"2019-06-07T14:51:36","guid":{"rendered":"http:\/\/demo.netech.it\/duea\/news-ed-eventi\/"},"modified":"2020-04-10T12:03:00","modified_gmt":"2020-04-10T10:03:00","slug":"dernieres-actualites","status":"publish","type":"page","link":"https:\/\/www.antoniniduea.it\/fr\/dernieres-actualites\/","title":{"rendered":"Derni\u00e8res actualit\u00e9s"},"content":{"rendered":"","protected":false},"excerpt":{"rendered":"","protected":false},"author":8,"featured_media":2197,"parent":0,"menu_order":0,"comment_status":"closed","ping_status":"closed","template":"page-news.php","meta":[],"yoast_head":"<!-- This site is optimized with the Yoast SEO plugin v15.9.1 - https:\/\/yoast.com\/wordpress\/plugins\/seo\/ -->\n<title>Derni\u00e8res actualit\u00e9s - DUE A<\/title>\n<meta name=\"description\" content=\"Actualit\u00e9s &amp; Ev\u00e9nements - Due A- D\u00e9couvrez les derni\u00e8res actualit\u00e9s et les \u00e9v\u00e8nements \u00e0 venir.\" \/>\n<link rel=\"canonical\" href=\"https:\/\/www.antoniniduea.it\/fr\/dernieres-actualites\/\" \/>\n<meta property=\"og:locale\" content=\"fr_FR\" \/>\n<meta property=\"og:type\" content=\"article\" \/>\n<meta property=\"og:title\" content=\"Derni\u00e8res actualit\u00e9s - DUE A\" \/>\n<meta property=\"og:description\" content=\"Actualit\u00e9s &amp; Ev\u00e9nements - Due A- D\u00e9couvrez les derni\u00e8res actualit\u00e9s et les \u00e9v\u00e8nements \u00e0 venir.\" \/>\n<meta property=\"og:url\" content=\"https:\/\/www.antoniniduea.it\/fr\/dernieres-actualites\/\" \/>\n<meta property=\"og:site_name\" content=\"DUE A\" \/>\n<meta property=\"article:modified_time\" content=\"2020-04-10T10:03:00+00:00\" \/>\n<meta property=\"og:image\" content=\"https:\/\/www.antoniniduea.it\/wp-content\/uploads\/2019\/07\/DueA.Saver19-9641-1.jpg\" \/>\n\t<meta property=\"og:image:width\" content=\"1400\" \/>\n\t<meta property=\"og:image:height\" content=\"467\" \/>\n<meta name=\"twitter:card\" content=\"summary_large_image\" \/>\n<script type=\"application\/ld+json\" class=\"yoast-schema-graph\">{\"@context\":\"https:\/\/schema.org\",\"@graph\":[{\"@type\":\"Organization\",\"@id\":\"https:\/\/www.antoniniduea.it\/fr\/#organization\",\"name\":\"Antonini DueA\",\"url\":\"https:\/\/www.antoniniduea.it\/fr\/\",\"sameAs\":[],\"logo\":{\"@type\":\"ImageObject\",\"@id\":\"https:\/\/www.antoniniduea.it\/fr\/#logo\",\"inLanguage\":\"fr-FR\",\"url\":\"https:\/\/www.antoniniduea.it\/wp-content\/uploads\/2021\/03\/logo-duea-agrizootech.png\",\"width\":187,\"height\":100,\"caption\":\"Antonini DueA\"},\"image\":{\"@id\":\"https:\/\/www.antoniniduea.it\/fr\/#logo\"}},{\"@type\":\"WebSite\",\"@id\":\"https:\/\/www.antoniniduea.it\/fr\/#website\",\"url\":\"https:\/\/www.antoniniduea.it\/fr\/\",\"name\":\"DUE A\",\"description\":\"Produzione Tunnel Agricoli, Box per vitelli nuovi e usati\",\"publisher\":{\"@id\":\"https:\/\/www.antoniniduea.it\/fr\/#organization\"},\"potentialAction\":[{\"@type\":\"SearchAction\",\"target\":\"https:\/\/www.antoniniduea.it\/fr\/?s={search_term_string}\",\"query-input\":\"required name=search_term_string\"}],\"inLanguage\":\"fr-FR\"},{\"@type\":\"ImageObject\",\"@id\":\"https:\/\/www.antoniniduea.it\/fr\/dernieres-actualites\/#primaryimage\",\"inLanguage\":\"fr-FR\",\"url\":\"https:\/\/www.antoniniduea.it\/wp-content\/uploads\/2019\/07\/DueA.Saver19-9641-1.jpg\",\"width\":1400,\"height\":467,\"caption\":\"news e eventi due a\"},{\"@type\":\"WebPage\",\"@id\":\"https:\/\/www.antoniniduea.it\/fr\/dernieres-actualites\/#webpage\",\"url\":\"https:\/\/www.antoniniduea.it\/fr\/dernieres-actualites\/\",\"name\":\"Derni\\u00e8res actualit\\u00e9s - DUE A\",\"isPartOf\":{\"@id\":\"https:\/\/www.antoniniduea.it\/fr\/#website\"},\"primaryImageOfPage\":{\"@id\":\"https:\/\/www.antoniniduea.it\/fr\/dernieres-actualites\/#primaryimage\"},\"datePublished\":\"2019-06-07T14:51:36+00:00\",\"dateModified\":\"2020-04-10T10:03:00+00:00\",\"description\":\"Actualit\\u00e9s & Ev\\u00e9nements - Due A- D\\u00e9couvrez les derni\\u00e8res actualit\\u00e9s et les \\u00e9v\\u00e8nements \\u00e0 venir.\",\"breadcrumb\":{\"@id\":\"https:\/\/www.antoniniduea.it\/fr\/dernieres-actualites\/#breadcrumb\"},\"inLanguage\":\"fr-FR\",\"potentialAction\":[{\"@type\":\"ReadAction\",\"target\":[\"https:\/\/www.antoniniduea.it\/fr\/dernieres-actualites\/\"]}]},{\"@type\":\"BreadcrumbList\",\"@id\":\"https:\/\/www.antoniniduea.it\/fr\/dernieres-actualites\/#breadcrumb\",\"itemListElement\":[{\"@type\":\"ListItem\",\"position\":1,\"item\":{\"@type\":\"WebPage\",\"@id\":\"https:\/\/www.antoniniduea.it\/fr\/\",\"url\":\"https:\/\/www.antoniniduea.it\/fr\/\",\"name\":\"Home\"}},{\"@type\":\"ListItem\",\"position\":2,\"item\":{\"@type\":\"WebPage\",\"@id\":\"https:\/\/www.antoniniduea.it\/fr\/dernieres-actualites\/\",\"url\":\"https:\/\/www.antoniniduea.it\/fr\/dernieres-actualites\/\",\"name\":\"Derni\\u00e8res actualit\\u00e9s\"}}]}]}<\/script>\n<!-- \/ Yoast SEO plugin. -->","_links":{"self":[{"href":"https:\/\/www.antoniniduea.it\/fr\/wp-json\/wp\/v2\/pages\/2691"}],"collection":[{"href":"https:\/\/www.antoniniduea.it\/fr\/wp-json\/wp\/v2\/pages"}],"about":[{"href":"https:\/\/www.antoniniduea.it\/fr\/wp-json\/wp\/v2\/types\/page"}],"author":[{"embeddable":true,"href":"https:\/\/www.antoniniduea.it\/fr\/wp-json\/wp\/v2\/users\/8"}],"replies":[{"embeddable":true,"href":"https:\/\/www.antoniniduea.it\/fr\/wp-json\/wp\/v2\/comments?post=2691"}],"version-history":[{"count":1,"href":"https:\/\/www.antoniniduea.it\/fr\/wp-json\/wp\/v2\/pages\/2691\/revisions"}],"predecessor-version":[{"id":2693,"href":"https:\/\/www.antoniniduea.it\/fr\/wp-json\/wp\/v2\/pages\/2691\/revisions\/2693"}],"wp:featuredmedia":[{"embeddable":true,"href":"https:\/\/www.antoniniduea.it\/fr\/wp-json\/wp\/v2\/media\/2197"}],"wp:attachment":[{"href":"https:\/\/www.antoniniduea.it\/fr\/wp-json\/wp\/v2\/media?parent=2691"}],"curies":[{"name":"wp","href":"https:\/\/api.w.org\/{rel}","templated":true}]}}