{"id":2511,"date":"2019-08-05T11:49:41","date_gmt":"2019-08-05T09:49:41","guid":{"rendered":"http:\/\/demo.netech.it\/duea\/attrezzature-zootecniche\/"},"modified":"2022-09-01T11:14:50","modified_gmt":"2022-09-01T09:14:50","slug":"equipements-zootechniques","status":"publish","type":"page","link":"https:\/\/www.antoniniduea.it\/fr\/equipements-zootechniques\/","title":{"rendered":"\u00c9QUIPEMENTS ZOOTECHNIQUES"},"content":{"rendered":"\t\t<div data-elementor-type=\"wp-page\" data-elementor-id=\"2511\" class=\"elementor elementor-2511 elementor-2243\" data-elementor-settings=\"[]\">\n\t\t\t\t\t\t<div class=\"elementor-inner\">\n\t\t\t\t\t\t\t<div class=\"elementor-section-wrap\">\n\t\t\t\t\t\t\t<section class=\"has_eae_slider elementor-section elementor-top-section elementor-element elementor-element-7f38922a elementor-section-boxed elementor-section-height-default elementor-section-height-default\" data-id=\"7f38922a\" data-element_type=\"section\">\n\t\t\t\t\t\t<div class=\"elementor-container elementor-column-gap-default\">\n\t\t\t\t\t\t\t<div class=\"elementor-row\">\n\t\t\t\t\t<div class=\"has_eae_slider elementor-column elementor-col-100 elementor-top-column elementor-element elementor-element-1e9e40e2\" data-id=\"1e9e40e2\" data-element_type=\"column\">\n\t\t\t<div class=\"elementor-column-wrap elementor-element-populated\">\n\t\t\t\t\t\t\t<div class=\"elementor-widget-wrap\">\n\t\t\t\t\t\t<div class=\"elementor-element elementor-element-67bbad56 elementor-widget elementor-widget-text-editor\" data-id=\"67bbad56\" data-element_type=\"widget\" data-widget_type=\"text-editor.default\">\n\t\t\t\t<div class=\"elementor-widget-container\">\n\t\t\t\t\t<div class=\"elementor-text-editor elementor-clearfix\">\n<p>Vaste gamme d\u2019\u00e9quipements zootechniques d\u00e9di\u00e9s principalement aux vaches laiti\u00e8res, buffles, taureaux, bovins de boucheries, ovins et caprins. L\u2019exp\u00e9rience acquise au cours des ann\u00e9es et la recherche continue ont permis \u00e0 Due A d\u2019augmenter et d\u2019am\u00e9liorer consid\u00e9rablement la gamme d\u2019\u00e9quipements et de produits zootechniques d\u00e9di\u00e9s \u00e0 l\u2019\u00e9levage, en misant sur la qualit\u00e9 des mat\u00e9riaux et la dur\u00e9e dans le temps. Nos \u00e9quipements zootechniques et int\u00e9rieurs d\u2019\u00e9table sont con\u00e7us et produits enti\u00e8rement par nous en Italie, galvanis\u00e9s \u00e0 chaud apr\u00e8s usinage et install\u00e9s par notre personnel sp\u00e9cialis\u00e9.  <\/p>\n<\/div>\n\t\t\t\t<\/div>\n\t\t\t\t<\/div>\n\t\t\t\t<div class=\"elementor-element elementor-element-6f76619 elementor-widget elementor-widget-button\" data-id=\"6f76619\" data-element_type=\"widget\" data-widget_type=\"button.default\">\n\t\t\t\t<div class=\"elementor-widget-container\">\n\t\t\t\t\t<div class=\"elementor-button-wrapper\">\n\t\t\t<a href=\"https:\/\/www.sfogliami.it\/fl\/185162\/trmhxtsb4rccjgnd7q3rpmb24b2qqpm7#page\/1\" class=\"elementor-button-link elementor-button elementor-size-lg\" role=\"button\">\n\t\t\t\t\t\t<span class=\"elementor-button-content-wrapper\">\n\t\t\t\t\t\t<span class=\"elementor-button-text\">VOIR LA BROCHURE SUR LES \u00c9QUIPEMENTS ZOOTECHNIQUES<\/span>\n\t\t<\/span>\n\t\t\t\t\t<\/a>\n\t\t<\/div>\n\t\t\t\t<\/div>\n\t\t\t\t<\/div>\n\t\t\t\t\t\t<\/div>\n\t\t\t\t\t<\/div>\n\t\t<\/div>\n\t\t\t\t\t\t\t\t<\/div>\n\t\t\t\t\t<\/div>\n\t\t<\/section>\n\t\t\t\t\t\t<\/div>\n\t\t\t\t\t\t<\/div>\n\t\t\t\t\t<\/div>\n\t\t","protected":false},"excerpt":{"rendered":"<p>Vaste gamme d\u2019\u00e9quipements zootechniques d\u00e9di\u00e9s principalement aux vaches laiti\u00e8res, buffles, taureaux, bovins de boucheries, ovins et caprins. L\u2019exp\u00e9rience acquise au cours des ann\u00e9es et la recherche continue ont permis \u00e0 Due A d\u2019augmenter et d\u2019am\u00e9liorer consid\u00e9rablement la gamme d\u2019\u00e9quipements et de produits zootechniques d\u00e9di\u00e9s \u00e0 l\u2019\u00e9levage, en misant sur la qualit\u00e9 des mat\u00e9riaux et la &hellip; <a href=\"https:\/\/www.antoniniduea.it\/fr\/equipements-zootechniques\/\" class=\"more-link\">Continue reading<span class=\"screen-reader-text\"> &#8220;\u00c9QUIPEMENTS ZOOTECHNIQUES&#8221;<\/span><\/a><\/p>\n","protected":false},"author":8,"featured_media":0,"parent":0,"menu_order":0,"comment_status":"closed","ping_status":"closed","template":"page-categoria.php","meta":[],"yoast_head":"<!-- This site is optimized with the Yoast SEO plugin v15.9.1 - https:\/\/yoast.com\/wordpress\/plugins\/seo\/ -->\n<title>\u00c9QUIPEMENTS ZOOTECHNIQUES - DUE A<\/title>\n<meta name=\"description\" content=\"Vaste gamme d\u2019\u00e9quipements zootechniques d\u00e9di\u00e9s principalement aux vaches laiti\u00e8res, buffles, taureaux, bovins de boucheries, ovins et caprins.\" \/>\n<link rel=\"canonical\" href=\"https:\/\/www.antoniniduea.it\/fr\/equipements-zootechniques\/\" \/>\n<meta property=\"og:locale\" content=\"fr_FR\" \/>\n<meta property=\"og:type\" content=\"article\" \/>\n<meta property=\"og:title\" content=\"\u00c9QUIPEMENTS ZOOTECHNIQUES - DUE A\" \/>\n<meta property=\"og:description\" content=\"Vaste gamme d\u2019\u00e9quipements zootechniques d\u00e9di\u00e9s principalement aux vaches laiti\u00e8res, buffles, taureaux, bovins de boucheries, ovins et caprins.\" \/>\n<meta property=\"og:url\" content=\"https:\/\/www.antoniniduea.it\/fr\/equipements-zootechniques\/\" \/>\n<meta property=\"og:site_name\" content=\"DUE A\" \/>\n<meta property=\"article:modified_time\" content=\"2022-09-01T09:14:50+00:00\" \/>\n<meta name=\"twitter:card\" content=\"summary_large_image\" \/>\n<meta name=\"twitter:label1\" content=\"Dur\u00e9e de lecture est.\">\n\t<meta name=\"twitter:data1\" content=\"1 minute\">\n<script type=\"application\/ld+json\" class=\"yoast-schema-graph\">{\"@context\":\"https:\/\/schema.org\",\"@graph\":[{\"@type\":\"Organization\",\"@id\":\"https:\/\/www.antoniniduea.it\/fr\/#organization\",\"name\":\"Antonini DueA\",\"url\":\"https:\/\/www.antoniniduea.it\/fr\/\",\"sameAs\":[],\"logo\":{\"@type\":\"ImageObject\",\"@id\":\"https:\/\/www.antoniniduea.it\/fr\/#logo\",\"inLanguage\":\"fr-FR\",\"url\":\"https:\/\/www.antoniniduea.it\/wp-content\/uploads\/2021\/03\/logo-duea-agrizootech.png\",\"width\":187,\"height\":100,\"caption\":\"Antonini DueA\"},\"image\":{\"@id\":\"https:\/\/www.antoniniduea.it\/fr\/#logo\"}},{\"@type\":\"WebSite\",\"@id\":\"https:\/\/www.antoniniduea.it\/fr\/#website\",\"url\":\"https:\/\/www.antoniniduea.it\/fr\/\",\"name\":\"DUE A\",\"description\":\"Produzione Tunnel Agricoli, Box per vitelli nuovi e usati\",\"publisher\":{\"@id\":\"https:\/\/www.antoniniduea.it\/fr\/#organization\"},\"potentialAction\":[{\"@type\":\"SearchAction\",\"target\":\"https:\/\/www.antoniniduea.it\/fr\/?s={search_term_string}\",\"query-input\":\"required name=search_term_string\"}],\"inLanguage\":\"fr-FR\"},{\"@type\":\"WebPage\",\"@id\":\"https:\/\/www.antoniniduea.it\/fr\/equipements-zootechniques\/#webpage\",\"url\":\"https:\/\/www.antoniniduea.it\/fr\/equipements-zootechniques\/\",\"name\":\"\\u00c9QUIPEMENTS ZOOTECHNIQUES - DUE A\",\"isPartOf\":{\"@id\":\"https:\/\/www.antoniniduea.it\/fr\/#website\"},\"datePublished\":\"2019-08-05T09:49:41+00:00\",\"dateModified\":\"2022-09-01T09:14:50+00:00\",\"description\":\"Vaste gamme d\\u2019\\u00e9quipements zootechniques d\\u00e9di\\u00e9s principalement aux vaches laiti\\u00e8res, buffles, taureaux, bovins de boucheries, ovins et caprins.\",\"breadcrumb\":{\"@id\":\"https:\/\/www.antoniniduea.it\/fr\/equipements-zootechniques\/#breadcrumb\"},\"inLanguage\":\"fr-FR\",\"potentialAction\":[{\"@type\":\"ReadAction\",\"target\":[\"https:\/\/www.antoniniduea.it\/fr\/equipements-zootechniques\/\"]}]},{\"@type\":\"BreadcrumbList\",\"@id\":\"https:\/\/www.antoniniduea.it\/fr\/equipements-zootechniques\/#breadcrumb\",\"itemListElement\":[{\"@type\":\"ListItem\",\"position\":1,\"item\":{\"@type\":\"WebPage\",\"@id\":\"https:\/\/www.antoniniduea.it\/fr\/\",\"url\":\"https:\/\/www.antoniniduea.it\/fr\/\",\"name\":\"Home\"}},{\"@type\":\"ListItem\",\"position\":2,\"item\":{\"@type\":\"WebPage\",\"@id\":\"https:\/\/www.antoniniduea.it\/fr\/equipements-zootechniques\/\",\"url\":\"https:\/\/www.antoniniduea.it\/fr\/equipements-zootechniques\/\",\"name\":\"\\u00c9QUIPEMENTS ZOOTECHNIQUES\"}}]}]}<\/script>\n<!-- \/ Yoast SEO plugin. -->","_links":{"self":[{"href":"https:\/\/www.antoniniduea.it\/fr\/wp-json\/wp\/v2\/pages\/2511"}],"collection":[{"href":"https:\/\/www.antoniniduea.it\/fr\/wp-json\/wp\/v2\/pages"}],"about":[{"href":"https:\/\/www.antoniniduea.it\/fr\/wp-json\/wp\/v2\/types\/page"}],"author":[{"embeddable":true,"href":"https:\/\/www.antoniniduea.it\/fr\/wp-json\/wp\/v2\/users\/8"}],"replies":[{"embeddable":true,"href":"https:\/\/www.antoniniduea.it\/fr\/wp-json\/wp\/v2\/comments?post=2511"}],"version-history":[{"count":9,"href":"https:\/\/www.antoniniduea.it\/fr\/wp-json\/wp\/v2\/pages\/2511\/revisions"}],"predecessor-version":[{"id":9323,"href":"https:\/\/www.antoniniduea.it\/fr\/wp-json\/wp\/v2\/pages\/2511\/revisions\/9323"}],"wp:attachment":[{"href":"https:\/\/www.antoniniduea.it\/fr\/wp-json\/wp\/v2\/media?parent=2511"}],"curies":[{"name":"wp","href":"https:\/\/api.w.org\/{rel}","templated":true}]}}