{"id":2495,"date":"2019-08-05T11:49:03","date_gmt":"2019-08-05T09:49:03","guid":{"rendered":"http:\/\/demo.netech.it\/duea\/costruzioni-agricole-ed-industriali\/"},"modified":"2022-08-30T17:51:04","modified_gmt":"2022-08-30T15:51:04","slug":"constructions-agricoles-et-industrielles","status":"publish","type":"page","link":"https:\/\/www.antoniniduea.it\/fr\/constructions-agricoles-et-industrielles\/","title":{"rendered":"CONSTRUCTIONS AGRICOLES ET INDUSTRIELLES"},"content":{"rendered":"\t\t<div data-elementor-type=\"wp-page\" data-elementor-id=\"2495\" class=\"elementor elementor-2495 elementor-2239\" data-elementor-settings=\"[]\">\n\t\t\t\t\t\t<div class=\"elementor-inner\">\n\t\t\t\t\t\t\t<div class=\"elementor-section-wrap\">\n\t\t\t\t\t\t\t<section class=\"has_eae_slider elementor-section elementor-top-section elementor-element elementor-element-5523de9b elementor-section-boxed elementor-section-height-default elementor-section-height-default\" data-id=\"5523de9b\" data-element_type=\"section\">\n\t\t\t\t\t\t<div class=\"elementor-container elementor-column-gap-default\">\n\t\t\t\t\t\t\t<div class=\"elementor-row\">\n\t\t\t\t\t<div class=\"has_eae_slider elementor-column elementor-col-100 elementor-top-column elementor-element elementor-element-1448b5eb\" data-id=\"1448b5eb\" data-element_type=\"column\">\n\t\t\t<div class=\"elementor-column-wrap elementor-element-populated\">\n\t\t\t\t\t\t\t<div class=\"elementor-widget-wrap\">\n\t\t\t\t\t\t<div class=\"elementor-element elementor-element-bb0f3d7 elementor-widget elementor-widget-text-editor\" data-id=\"bb0f3d7\" data-element_type=\"widget\" data-widget_type=\"text-editor.default\">\n\t\t\t\t<div class=\"elementor-widget-container\">\n\t\t\t\t\t<div class=\"elementor-text-editor elementor-clearfix\">\r\n<p>Due A est sp\u00e9cialis\u00e9e dans la r\u00e9alisation de structures agricoles et de constructions zootechniques, \u00e9tables pr\u00e9fabriqu\u00e9es et granges, constructions industrielles et hangars agroindustriels. Elle fournit au client un conseil complet et \u00e9paule son technicien, du projet jusqu\u2019\u00e0 la production, de la livraison au montage et \u00e0 l\u2019ach\u00e8vement de l\u2019ouvrage.<\/p>\r\n<\/div>\n\t\t\t\t<\/div>\n\t\t\t\t<\/div>\n\t\t\t\t<div class=\"elementor-element elementor-element-713c55e elementor-widget elementor-widget-button\" data-id=\"713c55e\" data-element_type=\"widget\" data-widget_type=\"button.default\">\n\t\t\t\t<div class=\"elementor-widget-container\">\n\t\t\t\t\t<div class=\"elementor-button-wrapper\">\n\t\t\t<a href=\"https:\/\/www.sfogliami.it\/fl\/258856\/ynqvq3kq9n111jpmn15u2jgnyynkttzh\" target=\"_blank\" class=\"elementor-button-link elementor-button elementor-size-lg\" role=\"button\">\n\t\t\t\t\t\t<span class=\"elementor-button-content-wrapper\">\n\t\t\t\t\t\t<span class=\"elementor-button-text\">VOIR LA BROCHURE Installations Agricoles Zootechniques<\/span>\n\t\t<\/span>\n\t\t\t\t\t<\/a>\n\t\t<\/div>\n\t\t\t\t<\/div>\n\t\t\t\t<\/div>\n\t\t\t\t\t\t<\/div>\n\t\t\t\t\t<\/div>\n\t\t<\/div>\n\t\t\t\t\t\t\t\t<\/div>\n\t\t\t\t\t<\/div>\n\t\t<\/section>\n\t\t\t\t\t\t<\/div>\n\t\t\t\t\t\t<\/div>\n\t\t\t\t\t<\/div>\n\t\t","protected":false},"excerpt":{"rendered":"<p>Due A est sp\u00e9cialis\u00e9e dans la r\u00e9alisation de structures agricoles et de constructions zootechniques, \u00e9tables pr\u00e9fabriqu\u00e9es et granges, constructions industrielles et hangars agroindustriels. Elle fournit au client un conseil complet et \u00e9paule son technicien, du projet jusqu\u2019\u00e0 la production, de la livraison au montage et \u00e0 l\u2019ach\u00e8vement de l\u2019ouvrage. VOIR LA BROCHURE Installations Agricoles Zootechniques<\/p>\n","protected":false},"author":8,"featured_media":0,"parent":0,"menu_order":0,"comment_status":"closed","ping_status":"closed","template":"page-categoria.php","meta":[],"yoast_head":"<!-- This site is optimized with the Yoast SEO plugin v15.9.1 - https:\/\/yoast.com\/wordpress\/plugins\/seo\/ -->\n<title>CONSTRUCTIONS AGRICOLES ET INDUSTRIELLES - DUE A<\/title>\n<meta name=\"description\" content=\"Due A est sp\u00e9cialis\u00e9e dans la r\u00e9alisation de constructions agricoles et de structures zootechniques, \u00e9tables pr\u00e9fabriqu\u00e9es et granges...\" \/>\n<link rel=\"canonical\" href=\"https:\/\/www.antoniniduea.it\/fr\/constructions-agricoles-et-industrielles\/\" \/>\n<meta property=\"og:locale\" content=\"fr_FR\" \/>\n<meta property=\"og:type\" content=\"article\" \/>\n<meta property=\"og:title\" content=\"CONSTRUCTIONS AGRICOLES ET INDUSTRIELLES - DUE A\" \/>\n<meta property=\"og:description\" content=\"Due A est sp\u00e9cialis\u00e9e dans la r\u00e9alisation de constructions agricoles et de structures zootechniques, \u00e9tables pr\u00e9fabriqu\u00e9es et granges...\" \/>\n<meta property=\"og:url\" content=\"https:\/\/www.antoniniduea.it\/fr\/constructions-agricoles-et-industrielles\/\" \/>\n<meta property=\"og:site_name\" content=\"DUE A\" \/>\n<meta property=\"article:modified_time\" content=\"2022-08-30T15:51:04+00:00\" \/>\n<meta name=\"twitter:card\" content=\"summary_large_image\" \/>\n<meta name=\"twitter:label1\" content=\"Dur\u00e9e de lecture est.\">\n\t<meta name=\"twitter:data1\" content=\"1 minute\">\n<script type=\"application\/ld+json\" class=\"yoast-schema-graph\">{\"@context\":\"https:\/\/schema.org\",\"@graph\":[{\"@type\":\"Organization\",\"@id\":\"https:\/\/www.antoniniduea.it\/fr\/#organization\",\"name\":\"Antonini DueA\",\"url\":\"https:\/\/www.antoniniduea.it\/fr\/\",\"sameAs\":[],\"logo\":{\"@type\":\"ImageObject\",\"@id\":\"https:\/\/www.antoniniduea.it\/fr\/#logo\",\"inLanguage\":\"fr-FR\",\"url\":\"https:\/\/www.antoniniduea.it\/wp-content\/uploads\/2021\/03\/logo-duea-agrizootech.png\",\"width\":187,\"height\":100,\"caption\":\"Antonini DueA\"},\"image\":{\"@id\":\"https:\/\/www.antoniniduea.it\/fr\/#logo\"}},{\"@type\":\"WebSite\",\"@id\":\"https:\/\/www.antoniniduea.it\/fr\/#website\",\"url\":\"https:\/\/www.antoniniduea.it\/fr\/\",\"name\":\"DUE A\",\"description\":\"Produzione Tunnel Agricoli, Box per vitelli nuovi e usati\",\"publisher\":{\"@id\":\"https:\/\/www.antoniniduea.it\/fr\/#organization\"},\"potentialAction\":[{\"@type\":\"SearchAction\",\"target\":\"https:\/\/www.antoniniduea.it\/fr\/?s={search_term_string}\",\"query-input\":\"required name=search_term_string\"}],\"inLanguage\":\"fr-FR\"},{\"@type\":\"WebPage\",\"@id\":\"https:\/\/www.antoniniduea.it\/fr\/constructions-agricoles-et-industrielles\/#webpage\",\"url\":\"https:\/\/www.antoniniduea.it\/fr\/constructions-agricoles-et-industrielles\/\",\"name\":\"CONSTRUCTIONS AGRICOLES ET INDUSTRIELLES - DUE A\",\"isPartOf\":{\"@id\":\"https:\/\/www.antoniniduea.it\/fr\/#website\"},\"datePublished\":\"2019-08-05T09:49:03+00:00\",\"dateModified\":\"2022-08-30T15:51:04+00:00\",\"description\":\"Due A est sp\\u00e9cialis\\u00e9e dans la r\\u00e9alisation de constructions agricoles et de structures zootechniques, \\u00e9tables pr\\u00e9fabriqu\\u00e9es et granges...\",\"breadcrumb\":{\"@id\":\"https:\/\/www.antoniniduea.it\/fr\/constructions-agricoles-et-industrielles\/#breadcrumb\"},\"inLanguage\":\"fr-FR\",\"potentialAction\":[{\"@type\":\"ReadAction\",\"target\":[\"https:\/\/www.antoniniduea.it\/fr\/constructions-agricoles-et-industrielles\/\"]}]},{\"@type\":\"BreadcrumbList\",\"@id\":\"https:\/\/www.antoniniduea.it\/fr\/constructions-agricoles-et-industrielles\/#breadcrumb\",\"itemListElement\":[{\"@type\":\"ListItem\",\"position\":1,\"item\":{\"@type\":\"WebPage\",\"@id\":\"https:\/\/www.antoniniduea.it\/fr\/\",\"url\":\"https:\/\/www.antoniniduea.it\/fr\/\",\"name\":\"Home\"}},{\"@type\":\"ListItem\",\"position\":2,\"item\":{\"@type\":\"WebPage\",\"@id\":\"https:\/\/www.antoniniduea.it\/fr\/constructions-agricoles-et-industrielles\/\",\"url\":\"https:\/\/www.antoniniduea.it\/fr\/constructions-agricoles-et-industrielles\/\",\"name\":\"CONSTRUCTIONS AGRICOLES ET INDUSTRIELLES\"}}]}]}<\/script>\n<!-- \/ Yoast SEO plugin. -->","_links":{"self":[{"href":"https:\/\/www.antoniniduea.it\/fr\/wp-json\/wp\/v2\/pages\/2495"}],"collection":[{"href":"https:\/\/www.antoniniduea.it\/fr\/wp-json\/wp\/v2\/pages"}],"about":[{"href":"https:\/\/www.antoniniduea.it\/fr\/wp-json\/wp\/v2\/types\/page"}],"author":[{"embeddable":true,"href":"https:\/\/www.antoniniduea.it\/fr\/wp-json\/wp\/v2\/users\/8"}],"replies":[{"embeddable":true,"href":"https:\/\/www.antoniniduea.it\/fr\/wp-json\/wp\/v2\/comments?post=2495"}],"version-history":[{"count":13,"href":"https:\/\/www.antoniniduea.it\/fr\/wp-json\/wp\/v2\/pages\/2495\/revisions"}],"predecessor-version":[{"id":9258,"href":"https:\/\/www.antoniniduea.it\/fr\/wp-json\/wp\/v2\/pages\/2495\/revisions\/9258"}],"wp:attachment":[{"href":"https:\/\/www.antoniniduea.it\/fr\/wp-json\/wp\/v2\/media?parent=2495"}],"curies":[{"name":"wp","href":"https:\/\/api.w.org\/{rel}","templated":true}]}}