{"id":6795,"date":"2019-06-06T15:24:01","date_gmt":"2019-06-06T13:24:01","guid":{"rendered":"https:\/\/www.antoniniduea.it\/contatti\/"},"modified":"2021-05-24T12:33:24","modified_gmt":"2021-05-24T10:33:24","slug":"kontakte","status":"publish","type":"page","link":"https:\/\/www.antoniniduea.it\/de\/kontakte\/","title":{"rendered":"Kontakte"},"content":{"rendered":"\r\n<p>F\u00fcr weitere Informationen f\u00fcllen Sie bitte das untenstehende Formular aus. Sie werden dann so schnell wie m\u00f6glich kontaktiert.<\/p>\r\n","protected":false},"excerpt":{"rendered":"<p>F\u00fcr weitere Informationen f\u00fcllen Sie bitte das untenstehende Formular aus. Sie werden dann so schnell wie m\u00f6glich kontaktiert.<\/p>\n","protected":false},"author":8,"featured_media":6383,"parent":0,"menu_order":0,"comment_status":"closed","ping_status":"closed","template":"page-contatti.php","meta":[],"yoast_head":"<!-- This site is optimized with the Yoast SEO plugin v15.9.1 - https:\/\/yoast.com\/wordpress\/plugins\/seo\/ -->\n<title>Kontakte Due A | Kontaktieren Sie uns, um Informationen anzufordern<\/title>\n<meta name=\"description\" content=\"Kontakte Due A | Telefon: 049 9455629 - Fax: +39 049 9426269 Schreiben Sie uns eine E-Mail. Wir werden uns bald bei Ihnen melden\" \/>\n<link rel=\"canonical\" href=\"https:\/\/www.antoniniduea.it\/de\/kontakte\/\" \/>\n<meta property=\"og:locale\" content=\"de_DE\" \/>\n<meta property=\"og:type\" content=\"article\" \/>\n<meta property=\"og:title\" content=\"Kontakte Due A | Kontaktieren Sie uns, um Informationen anzufordern\" \/>\n<meta property=\"og:description\" content=\"Kontakte Due A | Telefon: 049 9455629 - Fax: +39 049 9426269 Schreiben Sie uns eine E-Mail. Wir werden uns bald bei Ihnen melden\" \/>\n<meta property=\"og:url\" content=\"https:\/\/www.antoniniduea.it\/de\/kontakte\/\" \/>\n<meta property=\"og:site_name\" content=\"DUE A\" \/>\n<meta property=\"article:modified_time\" content=\"2021-05-24T10:33:24+00:00\" \/>\n<meta property=\"og:image\" content=\"https:\/\/www.antoniniduea.it\/wp-content\/uploads\/2019\/07\/recens1-e1563963139629.jpg\" \/>\n\t<meta property=\"og:image:width\" content=\"1439\" \/>\n\t<meta property=\"og:image:height\" content=\"478\" \/>\n<meta name=\"twitter:card\" content=\"summary_large_image\" \/>\n<script type=\"application\/ld+json\" class=\"yoast-schema-graph\">{\"@context\":\"https:\/\/schema.org\",\"@graph\":[{\"@type\":\"Organization\",\"@id\":\"https:\/\/www.antoniniduea.it\/de\/#organization\",\"name\":\"Antonini DueA\",\"url\":\"https:\/\/www.antoniniduea.it\/de\/\",\"sameAs\":[],\"logo\":{\"@type\":\"ImageObject\",\"@id\":\"https:\/\/www.antoniniduea.it\/de\/#logo\",\"inLanguage\":\"de-DE\",\"url\":\"https:\/\/www.antoniniduea.it\/wp-content\/uploads\/2021\/03\/logo-duea-agrizootech.png\",\"width\":187,\"height\":100,\"caption\":\"Antonini DueA\"},\"image\":{\"@id\":\"https:\/\/www.antoniniduea.it\/de\/#logo\"}},{\"@type\":\"WebSite\",\"@id\":\"https:\/\/www.antoniniduea.it\/de\/#website\",\"url\":\"https:\/\/www.antoniniduea.it\/de\/\",\"name\":\"DUE A\",\"description\":\"Produzione Tunnel Agricoli, Box per vitelli nuovi e usati\",\"publisher\":{\"@id\":\"https:\/\/www.antoniniduea.it\/de\/#organization\"},\"potentialAction\":[{\"@type\":\"SearchAction\",\"target\":\"https:\/\/www.antoniniduea.it\/de\/?s={search_term_string}\",\"query-input\":\"required name=search_term_string\"}],\"inLanguage\":\"de-DE\"},{\"@type\":\"ImageObject\",\"@id\":\"https:\/\/www.antoniniduea.it\/de\/kontakte\/#primaryimage\",\"inLanguage\":\"de-DE\",\"url\":\"https:\/\/www.antoniniduea.it\/wp-content\/uploads\/2019\/07\/recens1-e1563963139629.jpg\",\"width\":1439,\"height\":478},{\"@type\":\"WebPage\",\"@id\":\"https:\/\/www.antoniniduea.it\/de\/kontakte\/#webpage\",\"url\":\"https:\/\/www.antoniniduea.it\/de\/kontakte\/\",\"name\":\"Kontakte Due A | Kontaktieren Sie uns, um Informationen anzufordern\",\"isPartOf\":{\"@id\":\"https:\/\/www.antoniniduea.it\/de\/#website\"},\"primaryImageOfPage\":{\"@id\":\"https:\/\/www.antoniniduea.it\/de\/kontakte\/#primaryimage\"},\"datePublished\":\"2019-06-06T13:24:01+00:00\",\"dateModified\":\"2021-05-24T10:33:24+00:00\",\"description\":\"Kontakte Due A | Telefon: 049 9455629 - Fax: +39 049 9426269 Schreiben Sie uns eine E-Mail. Wir werden uns bald bei Ihnen melden\",\"breadcrumb\":{\"@id\":\"https:\/\/www.antoniniduea.it\/de\/kontakte\/#breadcrumb\"},\"inLanguage\":\"de-DE\",\"potentialAction\":[{\"@type\":\"ReadAction\",\"target\":[\"https:\/\/www.antoniniduea.it\/de\/kontakte\/\"]}]},{\"@type\":\"BreadcrumbList\",\"@id\":\"https:\/\/www.antoniniduea.it\/de\/kontakte\/#breadcrumb\",\"itemListElement\":[{\"@type\":\"ListItem\",\"position\":1,\"item\":{\"@type\":\"WebPage\",\"@id\":\"https:\/\/www.antoniniduea.it\/de\/\",\"url\":\"https:\/\/www.antoniniduea.it\/de\/\",\"name\":\"Home\"}},{\"@type\":\"ListItem\",\"position\":2,\"item\":{\"@type\":\"WebPage\",\"@id\":\"https:\/\/www.antoniniduea.it\/de\/kontakte\/\",\"url\":\"https:\/\/www.antoniniduea.it\/de\/kontakte\/\",\"name\":\"Kontakte\"}}]}]}<\/script>\n<!-- \/ Yoast SEO plugin. -->","_links":{"self":[{"href":"https:\/\/www.antoniniduea.it\/de\/wp-json\/wp\/v2\/pages\/6795"}],"collection":[{"href":"https:\/\/www.antoniniduea.it\/de\/wp-json\/wp\/v2\/pages"}],"about":[{"href":"https:\/\/www.antoniniduea.it\/de\/wp-json\/wp\/v2\/types\/page"}],"author":[{"embeddable":true,"href":"https:\/\/www.antoniniduea.it\/de\/wp-json\/wp\/v2\/users\/8"}],"replies":[{"embeddable":true,"href":"https:\/\/www.antoniniduea.it\/de\/wp-json\/wp\/v2\/comments?post=6795"}],"version-history":[{"count":2,"href":"https:\/\/www.antoniniduea.it\/de\/wp-json\/wp\/v2\/pages\/6795\/revisions"}],"predecessor-version":[{"id":6797,"href":"https:\/\/www.antoniniduea.it\/de\/wp-json\/wp\/v2\/pages\/6795\/revisions\/6797"}],"wp:featuredmedia":[{"embeddable":true,"href":"https:\/\/www.antoniniduea.it\/de\/wp-json\/wp\/v2\/media\/6383"}],"wp:attachment":[{"href":"https:\/\/www.antoniniduea.it\/de\/wp-json\/wp\/v2\/media?parent=6795"}],"curies":[{"name":"wp","href":"https:\/\/api.w.org\/{rel}","templated":true}]}}