{"id":6750,"date":"2019-06-08T16:05:54","date_gmt":"2019-06-08T14:05:54","guid":{"rendered":"https:\/\/www.antoniniduea.it\/dicono-di-noi\/"},"modified":"2021-05-24T12:21:23","modified_gmt":"2021-05-24T10:21:23","slug":"uber-uns","status":"publish","type":"page","link":"https:\/\/www.antoniniduea.it\/de\/uber-uns\/","title":{"rendered":"\u00dcber Uns"},"content":{"rendered":"\r\n<h1>ALLE UNSERE KUNDEN<\/h1>\r\n\r\n\r\n\r\n<p>Wer k\u00f6nnte besser als unsere Kunden den Wert eines unserer Produkte beschreiben und vermitteln? Nat\u00fcrlich niemand. Deshalb haben wir uns entschlossen, die Bewertungen aufzuf\u00fchren, die Due A direkt vom Kunden erhalten hat.<\/p>\r\n\r\n\r\n","protected":false},"excerpt":{"rendered":"<p>ALLE UNSERE KUNDEN Wer k\u00f6nnte besser als unsere Kunden den Wert eines unserer Produkte beschreiben und vermitteln? Nat\u00fcrlich niemand. Deshalb haben wir uns entschlossen, die Bewertungen aufzuf\u00fchren, die Due A direkt vom Kunden erhalten hat.<\/p>\n","protected":false},"author":8,"featured_media":6441,"parent":0,"menu_order":0,"comment_status":"closed","ping_status":"closed","template":"page-referenze.php","meta":[],"yoast_head":"<!-- This site is optimized with the Yoast SEO plugin v15.9.1 - https:\/\/yoast.com\/wordpress\/plugins\/seo\/ -->\n<title>DueA Bewertungen |Unsere Kunden sagen \u00fcber uns..finden Sie es heraus!<\/title>\n<meta name=\"description\" content=\"Wer k\u00f6nnte uns besser als unsere Kunden sagen und den Wert unserer Lieferung vermitteln? Schauen Sie sich die Due A-Bewertungen an!\" \/>\n<link rel=\"canonical\" href=\"https:\/\/www.antoniniduea.it\/de\/uber-uns\/\" \/>\n<meta property=\"og:locale\" content=\"de_DE\" \/>\n<meta property=\"og:type\" content=\"article\" \/>\n<meta property=\"og:title\" content=\"DueA Bewertungen |Unsere Kunden sagen \u00fcber uns..finden Sie es heraus!\" \/>\n<meta property=\"og:description\" content=\"Wer k\u00f6nnte uns besser als unsere Kunden sagen und den Wert unserer Lieferung vermitteln? Schauen Sie sich die Due A-Bewertungen an!\" \/>\n<meta property=\"og:url\" content=\"https:\/\/www.antoniniduea.it\/de\/uber-uns\/\" \/>\n<meta property=\"og:site_name\" content=\"DUE A\" \/>\n<meta property=\"article:modified_time\" content=\"2021-05-24T10:21:23+00:00\" \/>\n<meta property=\"og:image\" content=\"https:\/\/www.antoniniduea.it\/wp-content\/uploads\/2019\/07\/DueA.Saver19-3787.jpg\" \/>\n\t<meta property=\"og:image:width\" content=\"1400\" \/>\n\t<meta property=\"og:image:height\" content=\"467\" \/>\n<meta name=\"twitter:card\" content=\"summary_large_image\" \/>\n<meta name=\"twitter:label1\" content=\"Gesch\u00e4tzte Lesezeit\">\n\t<meta name=\"twitter:data1\" content=\"1 Minute\">\n<script type=\"application\/ld+json\" class=\"yoast-schema-graph\">{\"@context\":\"https:\/\/schema.org\",\"@graph\":[{\"@type\":\"Organization\",\"@id\":\"https:\/\/www.antoniniduea.it\/de\/#organization\",\"name\":\"Antonini DueA\",\"url\":\"https:\/\/www.antoniniduea.it\/de\/\",\"sameAs\":[],\"logo\":{\"@type\":\"ImageObject\",\"@id\":\"https:\/\/www.antoniniduea.it\/de\/#logo\",\"inLanguage\":\"de-DE\",\"url\":\"https:\/\/www.antoniniduea.it\/wp-content\/uploads\/2021\/03\/logo-duea-agrizootech.png\",\"width\":187,\"height\":100,\"caption\":\"Antonini DueA\"},\"image\":{\"@id\":\"https:\/\/www.antoniniduea.it\/de\/#logo\"}},{\"@type\":\"WebSite\",\"@id\":\"https:\/\/www.antoniniduea.it\/de\/#website\",\"url\":\"https:\/\/www.antoniniduea.it\/de\/\",\"name\":\"DUE A\",\"description\":\"Produzione Tunnel Agricoli, Box per vitelli nuovi e usati\",\"publisher\":{\"@id\":\"https:\/\/www.antoniniduea.it\/de\/#organization\"},\"potentialAction\":[{\"@type\":\"SearchAction\",\"target\":\"https:\/\/www.antoniniduea.it\/de\/?s={search_term_string}\",\"query-input\":\"required name=search_term_string\"}],\"inLanguage\":\"de-DE\"},{\"@type\":\"ImageObject\",\"@id\":\"https:\/\/www.antoniniduea.it\/de\/uber-uns\/#primaryimage\",\"inLanguage\":\"de-DE\",\"url\":\"https:\/\/www.antoniniduea.it\/wp-content\/uploads\/2019\/07\/DueA.Saver19-3787.jpg\",\"width\":1400,\"height\":467},{\"@type\":\"WebPage\",\"@id\":\"https:\/\/www.antoniniduea.it\/de\/uber-uns\/#webpage\",\"url\":\"https:\/\/www.antoniniduea.it\/de\/uber-uns\/\",\"name\":\"DueA Bewertungen |Unsere Kunden sagen \\u00fcber uns..finden Sie es heraus!\",\"isPartOf\":{\"@id\":\"https:\/\/www.antoniniduea.it\/de\/#website\"},\"primaryImageOfPage\":{\"@id\":\"https:\/\/www.antoniniduea.it\/de\/uber-uns\/#primaryimage\"},\"datePublished\":\"2019-06-08T14:05:54+00:00\",\"dateModified\":\"2021-05-24T10:21:23+00:00\",\"description\":\"Wer k\\u00f6nnte uns besser als unsere Kunden sagen und den Wert unserer Lieferung vermitteln? Schauen Sie sich die Due A-Bewertungen an!\",\"breadcrumb\":{\"@id\":\"https:\/\/www.antoniniduea.it\/de\/uber-uns\/#breadcrumb\"},\"inLanguage\":\"de-DE\",\"potentialAction\":[{\"@type\":\"ReadAction\",\"target\":[\"https:\/\/www.antoniniduea.it\/de\/uber-uns\/\"]}]},{\"@type\":\"BreadcrumbList\",\"@id\":\"https:\/\/www.antoniniduea.it\/de\/uber-uns\/#breadcrumb\",\"itemListElement\":[{\"@type\":\"ListItem\",\"position\":1,\"item\":{\"@type\":\"WebPage\",\"@id\":\"https:\/\/www.antoniniduea.it\/de\/\",\"url\":\"https:\/\/www.antoniniduea.it\/de\/\",\"name\":\"Home\"}},{\"@type\":\"ListItem\",\"position\":2,\"item\":{\"@type\":\"WebPage\",\"@id\":\"https:\/\/www.antoniniduea.it\/de\/uber-uns\/\",\"url\":\"https:\/\/www.antoniniduea.it\/de\/uber-uns\/\",\"name\":\"\\u00dcber Uns\"}}]}]}<\/script>\n<!-- \/ Yoast SEO plugin. -->","_links":{"self":[{"href":"https:\/\/www.antoniniduea.it\/de\/wp-json\/wp\/v2\/pages\/6750"}],"collection":[{"href":"https:\/\/www.antoniniduea.it\/de\/wp-json\/wp\/v2\/pages"}],"about":[{"href":"https:\/\/www.antoniniduea.it\/de\/wp-json\/wp\/v2\/types\/page"}],"author":[{"embeddable":true,"href":"https:\/\/www.antoniniduea.it\/de\/wp-json\/wp\/v2\/users\/8"}],"replies":[{"embeddable":true,"href":"https:\/\/www.antoniniduea.it\/de\/wp-json\/wp\/v2\/comments?post=6750"}],"version-history":[{"count":2,"href":"https:\/\/www.antoniniduea.it\/de\/wp-json\/wp\/v2\/pages\/6750\/revisions"}],"predecessor-version":[{"id":6752,"href":"https:\/\/www.antoniniduea.it\/de\/wp-json\/wp\/v2\/pages\/6750\/revisions\/6752"}],"wp:featuredmedia":[{"embeddable":true,"href":"https:\/\/www.antoniniduea.it\/de\/wp-json\/wp\/v2\/media\/6441"}],"wp:attachment":[{"href":"https:\/\/www.antoniniduea.it\/de\/wp-json\/wp\/v2\/media?parent=6750"}],"curies":[{"name":"wp","href":"https:\/\/api.w.org\/{rel}","templated":true}]}}