{"id":6168,"date":"2019-08-05T11:49:41","date_gmt":"2019-08-05T09:49:41","guid":{"rendered":"https:\/\/www.antoniniduea.it\/attrezzature-zootecniche\/"},"modified":"2022-09-01T11:17:40","modified_gmt":"2022-09-01T09:17:40","slug":"ausstattungen-fur-viehzucht","status":"publish","type":"page","link":"https:\/\/www.antoniniduea.it\/de\/ausstattungen-fur-viehzucht\/","title":{"rendered":"Ausstattungen f\u00fcr Viehzucht"},"content":{"rendered":"\t\t<div data-elementor-type=\"wp-page\" data-elementor-id=\"6168\" class=\"elementor elementor-6168 elementor-2243\" data-elementor-settings=\"[]\">\n\t\t\t\t\t\t<div class=\"elementor-inner\">\n\t\t\t\t\t\t\t<div class=\"elementor-section-wrap\">\n\t\t\t\t\t\t\t<section class=\"has_eae_slider elementor-section elementor-top-section elementor-element elementor-element-66ca5005 elementor-section-boxed elementor-section-height-default elementor-section-height-default\" data-id=\"66ca5005\" data-element_type=\"section\">\n\t\t\t\t\t\t<div class=\"elementor-container elementor-column-gap-default\">\n\t\t\t\t\t\t\t<div class=\"elementor-row\">\n\t\t\t\t\t<div class=\"has_eae_slider elementor-column elementor-col-100 elementor-top-column elementor-element elementor-element-5b7816f2\" data-id=\"5b7816f2\" data-element_type=\"column\">\n\t\t\t<div class=\"elementor-column-wrap elementor-element-populated\">\n\t\t\t\t\t\t\t<div class=\"elementor-widget-wrap\">\n\t\t\t\t\t\t<div class=\"elementor-element elementor-element-68e96e2d elementor-widget elementor-widget-text-editor\" data-id=\"68e96e2d\" data-element_type=\"widget\" data-widget_type=\"text-editor.default\">\n\t\t\t\t<div class=\"elementor-widget-container\">\n\t\t\t\t\t<div class=\"elementor-text-editor elementor-clearfix\">\r\n<p>Breites Angebot an Ausstattungen f\u00fcr die Viehzucht, haupts\u00e4chlich f\u00fcr Milchvieh, B\u00fcffel, Bullen, Fleischrinder, Schafe und Ziegen. Die im Laufe der Jahre gesammelte Erfahrung und kontinuierliche Forschung haben es Due A erm\u00f6glicht, das gesamtes Sortiment an Ger\u00e4ten und Produkten f\u00fcr die Viehzucht zu erweitern und wesentlich zu verbessern, wobei der Schwerpunkt auf der Qualit\u00e4t der Materialien und der Langlebigkeit liegt. Unsere Anlagen und Stalleinrichtungen f\u00fcr die Viehzucht werden komplett von uns in Italien entworfen und produziert, nach der Bearbeitung feuerverzinkt und von unserem Fachpersonal montiert.<\/p>\r\n<\/div>\n\t\t\t\t<\/div>\n\t\t\t\t<\/div>\n\t\t\t\t<div class=\"elementor-element elementor-element-cd0c91f elementor-widget elementor-widget-button\" data-id=\"cd0c91f\" data-element_type=\"widget\" data-widget_type=\"button.default\">\n\t\t\t\t<div class=\"elementor-widget-container\">\n\t\t\t\t\t<div class=\"elementor-button-wrapper\">\n\t\t\t<a href=\"https:\/\/www.sfogliami.it\/fl\/185162\/trmhxtsb4rccjgnd7q3rpmb24b2qqpm7#page\/1\" class=\"elementor-button-link elementor-button elementor-size-lg\" role=\"button\">\n\t\t\t\t\t\t<span class=\"elementor-button-content-wrapper\">\n\t\t\t\t\t\t<span class=\"elementor-button-text\">BROSCH\u00dcRE \u00dcBER ZOOTECHNISCHE AUSR\u00dcSTUNG ANSEHEN<\/span>\n\t\t<\/span>\n\t\t\t\t\t<\/a>\n\t\t<\/div>\n\t\t\t\t<\/div>\n\t\t\t\t<\/div>\n\t\t\t\t\t\t<\/div>\n\t\t\t\t\t<\/div>\n\t\t<\/div>\n\t\t\t\t\t\t\t\t<\/div>\n\t\t\t\t\t<\/div>\n\t\t<\/section>\n\t\t\t\t\t\t<\/div>\n\t\t\t\t\t\t<\/div>\n\t\t\t\t\t<\/div>\n\t\t","protected":false},"excerpt":{"rendered":"<p>Breites Angebot an Ausstattungen f\u00fcr die Viehzucht, haupts\u00e4chlich f\u00fcr Milchvieh, B\u00fcffel, Bullen, Fleischrinder, Schafe und Ziegen. Die im Laufe der Jahre gesammelte Erfahrung und kontinuierliche Forschung haben es Due A erm\u00f6glicht, das gesamtes Sortiment an Ger\u00e4ten und Produkten f\u00fcr die Viehzucht zu erweitern und wesentlich zu verbessern, wobei der Schwerpunkt auf der Qualit\u00e4t der Materialien &hellip; <a href=\"https:\/\/www.antoniniduea.it\/de\/ausstattungen-fur-viehzucht\/\" class=\"more-link\">Continue reading<span class=\"screen-reader-text\"> &#8220;Ausstattungen f\u00fcr Viehzucht&#8221;<\/span><\/a><\/p>\n","protected":false},"author":8,"featured_media":0,"parent":0,"menu_order":0,"comment_status":"closed","ping_status":"closed","template":"page-categoria.php","meta":[],"yoast_head":"<!-- This site is optimized with the Yoast SEO plugin v15.9.1 - https:\/\/yoast.com\/wordpress\/plugins\/seo\/ -->\n<title>Ausstattungen f\u00fcr Viehzucht f\u00fcr Rinder, B\u00fcffel und Bullen | DueA<\/title>\n<meta name=\"description\" content=\"weites Spektrum von Ausstattungen f\u00fcr Viehzucht - f\u00fcr Milchvieh, B\u00fcffel, Bullen, Rinder, Schafe und Ziegen bestimmt sind.\" \/>\n<link rel=\"canonical\" href=\"https:\/\/www.antoniniduea.it\/de\/ausstattungen-fur-viehzucht\/\" \/>\n<meta property=\"og:locale\" content=\"de_DE\" \/>\n<meta property=\"og:type\" content=\"article\" \/>\n<meta property=\"og:title\" content=\"Ausstattungen f\u00fcr Viehzucht f\u00fcr Rinder, B\u00fcffel und Bullen | DueA\" \/>\n<meta property=\"og:description\" content=\"weites Spektrum von Ausstattungen f\u00fcr Viehzucht - f\u00fcr Milchvieh, B\u00fcffel, Bullen, Rinder, Schafe und Ziegen bestimmt sind.\" \/>\n<meta property=\"og:url\" content=\"https:\/\/www.antoniniduea.it\/de\/ausstattungen-fur-viehzucht\/\" \/>\n<meta property=\"og:site_name\" content=\"DUE A\" \/>\n<meta property=\"article:modified_time\" content=\"2022-09-01T09:17:40+00:00\" \/>\n<meta name=\"twitter:card\" content=\"summary_large_image\" \/>\n<meta name=\"twitter:label1\" content=\"Gesch\u00e4tzte Lesezeit\">\n\t<meta name=\"twitter:data1\" content=\"1 Minute\">\n<script type=\"application\/ld+json\" class=\"yoast-schema-graph\">{\"@context\":\"https:\/\/schema.org\",\"@graph\":[{\"@type\":\"Organization\",\"@id\":\"https:\/\/www.antoniniduea.it\/de\/#organization\",\"name\":\"Antonini DueA\",\"url\":\"https:\/\/www.antoniniduea.it\/de\/\",\"sameAs\":[],\"logo\":{\"@type\":\"ImageObject\",\"@id\":\"https:\/\/www.antoniniduea.it\/de\/#logo\",\"inLanguage\":\"de-DE\",\"url\":\"https:\/\/www.antoniniduea.it\/wp-content\/uploads\/2021\/03\/logo-duea-agrizootech.png\",\"width\":187,\"height\":100,\"caption\":\"Antonini DueA\"},\"image\":{\"@id\":\"https:\/\/www.antoniniduea.it\/de\/#logo\"}},{\"@type\":\"WebSite\",\"@id\":\"https:\/\/www.antoniniduea.it\/de\/#website\",\"url\":\"https:\/\/www.antoniniduea.it\/de\/\",\"name\":\"DUE A\",\"description\":\"Produzione Tunnel Agricoli, Box per vitelli nuovi e usati\",\"publisher\":{\"@id\":\"https:\/\/www.antoniniduea.it\/de\/#organization\"},\"potentialAction\":[{\"@type\":\"SearchAction\",\"target\":\"https:\/\/www.antoniniduea.it\/de\/?s={search_term_string}\",\"query-input\":\"required name=search_term_string\"}],\"inLanguage\":\"de-DE\"},{\"@type\":\"WebPage\",\"@id\":\"https:\/\/www.antoniniduea.it\/de\/ausstattungen-fur-viehzucht\/#webpage\",\"url\":\"https:\/\/www.antoniniduea.it\/de\/ausstattungen-fur-viehzucht\/\",\"name\":\"Ausstattungen f\\u00fcr Viehzucht f\\u00fcr Rinder, B\\u00fcffel und Bullen | DueA\",\"isPartOf\":{\"@id\":\"https:\/\/www.antoniniduea.it\/de\/#website\"},\"datePublished\":\"2019-08-05T09:49:41+00:00\",\"dateModified\":\"2022-09-01T09:17:40+00:00\",\"description\":\"weites Spektrum von Ausstattungen f\\u00fcr Viehzucht - f\\u00fcr Milchvieh, B\\u00fcffel, Bullen, Rinder, Schafe und Ziegen bestimmt sind.\",\"breadcrumb\":{\"@id\":\"https:\/\/www.antoniniduea.it\/de\/ausstattungen-fur-viehzucht\/#breadcrumb\"},\"inLanguage\":\"de-DE\",\"potentialAction\":[{\"@type\":\"ReadAction\",\"target\":[\"https:\/\/www.antoniniduea.it\/de\/ausstattungen-fur-viehzucht\/\"]}]},{\"@type\":\"BreadcrumbList\",\"@id\":\"https:\/\/www.antoniniduea.it\/de\/ausstattungen-fur-viehzucht\/#breadcrumb\",\"itemListElement\":[{\"@type\":\"ListItem\",\"position\":1,\"item\":{\"@type\":\"WebPage\",\"@id\":\"https:\/\/www.antoniniduea.it\/de\/\",\"url\":\"https:\/\/www.antoniniduea.it\/de\/\",\"name\":\"Home\"}},{\"@type\":\"ListItem\",\"position\":2,\"item\":{\"@type\":\"WebPage\",\"@id\":\"https:\/\/www.antoniniduea.it\/de\/ausstattungen-fur-viehzucht\/\",\"url\":\"https:\/\/www.antoniniduea.it\/de\/ausstattungen-fur-viehzucht\/\",\"name\":\"Ausstattungen f\\u00fcr Viehzucht\"}}]}]}<\/script>\n<!-- \/ Yoast SEO plugin. -->","_links":{"self":[{"href":"https:\/\/www.antoniniduea.it\/de\/wp-json\/wp\/v2\/pages\/6168"}],"collection":[{"href":"https:\/\/www.antoniniduea.it\/de\/wp-json\/wp\/v2\/pages"}],"about":[{"href":"https:\/\/www.antoniniduea.it\/de\/wp-json\/wp\/v2\/types\/page"}],"author":[{"embeddable":true,"href":"https:\/\/www.antoniniduea.it\/de\/wp-json\/wp\/v2\/users\/8"}],"replies":[{"embeddable":true,"href":"https:\/\/www.antoniniduea.it\/de\/wp-json\/wp\/v2\/comments?post=6168"}],"version-history":[{"count":5,"href":"https:\/\/www.antoniniduea.it\/de\/wp-json\/wp\/v2\/pages\/6168\/revisions"}],"predecessor-version":[{"id":9329,"href":"https:\/\/www.antoniniduea.it\/de\/wp-json\/wp\/v2\/pages\/6168\/revisions\/9329"}],"wp:attachment":[{"href":"https:\/\/www.antoniniduea.it\/de\/wp-json\/wp\/v2\/media?parent=6168"}],"curies":[{"name":"wp","href":"https:\/\/api.w.org\/{rel}","templated":true}]}}