{"id":5918,"date":"2019-08-05T11:49:23","date_gmt":"2019-08-05T09:49:23","guid":{"rendered":"https:\/\/www.antoniniduea.it\/tunnel-agricoli-e-coperture-in-telo\/"},"modified":"2022-08-30T17:59:07","modified_gmt":"2022-08-30T15:59:07","slug":"landwirtschaftlichen-bogenhallen-und-zelthallen","status":"publish","type":"page","link":"https:\/\/www.antoniniduea.it\/de\/landwirtschaftlichen-bogenhallen-und-zelthallen\/","title":{"rendered":"Landwirtschaftlichen Bogenhallen und Zelthallen"},"content":{"rendered":"\t\t<div data-elementor-type=\"wp-page\" data-elementor-id=\"5918\" class=\"elementor elementor-5918 elementor-2241\" data-elementor-settings=\"[]\">\n\t\t\t\t\t\t<div class=\"elementor-inner\">\n\t\t\t\t\t\t\t<div class=\"elementor-section-wrap\">\n\t\t\t\t\t\t\t<section class=\"has_eae_slider elementor-section elementor-top-section elementor-element elementor-element-a3e16a5 elementor-section-boxed elementor-section-height-default elementor-section-height-default\" data-id=\"a3e16a5\" data-element_type=\"section\">\n\t\t\t\t\t\t<div class=\"elementor-container elementor-column-gap-default\">\n\t\t\t\t\t\t\t<div class=\"elementor-row\">\n\t\t\t\t\t<div class=\"has_eae_slider elementor-column elementor-col-100 elementor-top-column elementor-element elementor-element-65a86c3d\" data-id=\"65a86c3d\" data-element_type=\"column\">\n\t\t\t<div class=\"elementor-column-wrap elementor-element-populated\">\n\t\t\t\t\t\t\t<div class=\"elementor-widget-wrap\">\n\t\t\t\t\t\t<div class=\"elementor-element elementor-element-30970d4f elementor-widget elementor-widget-text-editor\" data-id=\"30970d4f\" data-element_type=\"widget\" data-widget_type=\"text-editor.default\">\n\t\t\t\t<div class=\"elementor-widget-container\">\n\t\t\t\t\t<div class=\"elementor-text-editor elementor-clearfix\">\r\n<p>Entwurf, Produktion und Montage von landwirtschaftlichen Bogenhallen und Zelthallen: Eine ideale L\u00f6sung f\u00fcr alle, die eine Struktur suchen, die schnell zu montieren, wirtschaftlich und dennoch robust und langlebig ist. Die Bogenhallen von DUEA sind das ideale Produkt f\u00fcr alle, die eine Scheune, ein Lager f\u00fcr landwirtschaftliche Maschinen, einen Ger\u00e4teschuppen, einen Rinderstall, einen Schaf- oder Ziegenstall und schlie\u00dflich Erweiterungen und \u00dcberdachungen bestehender R\u00e4ume ausf\u00fchren wollen.<\/p>\r\n\r\n\r\n\r\n<p>Wir produzieren mehr als 170 verschiedene Modelle von Planenhallen, die an die unterschiedlichsten Verwendungszwecke angepasst werden k\u00f6nnen: Unendliche Kombinationen von Gr\u00f6\u00dfen, um den ben\u00f6tigten und verf\u00fcgbaren Platz im Unternehmen optimal zu nutzen.<\/p>\r\n<\/div>\n\t\t\t\t<\/div>\n\t\t\t\t<\/div>\n\t\t\t\t<div class=\"elementor-element elementor-element-83fb222 elementor-widget elementor-widget-button\" data-id=\"83fb222\" data-element_type=\"widget\" data-widget_type=\"button.default\">\n\t\t\t\t<div class=\"elementor-widget-container\">\n\t\t\t\t\t<div class=\"elementor-button-wrapper\">\n\t\t\t<a href=\"https:\/\/www.sfogliami.it\/fl\/258857\/n25144vvvfv49t4nhkuyeq7ypkx9v2g3\" class=\"elementor-button-link elementor-button elementor-size-lg\" role=\"button\">\n\t\t\t\t\t\t<span class=\"elementor-button-content-wrapper\">\n\t\t\t\t\t\t<span class=\"elementor-button-text\">BROSCH\u00dcRE ANSEHEN Farm Tunnel Rinder <\/span>\n\t\t<\/span>\n\t\t\t\t\t<\/a>\n\t\t<\/div>\n\t\t\t\t<\/div>\n\t\t\t\t<\/div>\n\t\t\t\t<div class=\"elementor-element elementor-element-ee88d34 elementor-widget elementor-widget-button\" data-id=\"ee88d34\" data-element_type=\"widget\" data-widget_type=\"button.default\">\n\t\t\t\t<div class=\"elementor-widget-container\">\n\t\t\t\t\t<div class=\"elementor-button-wrapper\">\n\t\t\t<a href=\"https:\/\/www.sfogliami.it\/fl\/258855\/ey41duty15esm8vmt2zm8gsy2btysx6k\" class=\"elementor-button-link elementor-button elementor-size-lg\" role=\"button\">\n\t\t\t\t\t\t<span class=\"elementor-button-content-wrapper\">\n\t\t\t\t\t\t<span class=\"elementor-button-text\">BROSCH\u00dcRE Bedachung Stoff<\/span>\n\t\t<\/span>\n\t\t\t\t\t<\/a>\n\t\t<\/div>\n\t\t\t\t<\/div>\n\t\t\t\t<\/div>\n\t\t\t\t<div class=\"elementor-element elementor-element-9bc98fd elementor-widget elementor-widget-button\" data-id=\"9bc98fd\" data-element_type=\"widget\" data-widget_type=\"button.default\">\n\t\t\t\t<div class=\"elementor-widget-container\">\n\t\t\t\t\t<div class=\"elementor-button-wrapper\">\n\t\t\t<a href=\"https:\/\/www.sfogliami.it\/fl\/258853\/mp9bpveqdcn8qcr8fq1r6eyyeyxgdv3n\" class=\"elementor-button-link elementor-button elementor-size-lg\" role=\"button\">\n\t\t\t\t\t\t<span class=\"elementor-button-content-wrapper\">\n\t\t\t\t\t\t<span class=\"elementor-button-text\">BROSCH\u00dcRE Farm Tunnel Schafe <\/span>\n\t\t<\/span>\n\t\t\t\t\t<\/a>\n\t\t<\/div>\n\t\t\t\t<\/div>\n\t\t\t\t<\/div>\n\t\t\t\t\t\t<\/div>\n\t\t\t\t\t<\/div>\n\t\t<\/div>\n\t\t\t\t\t\t\t\t<\/div>\n\t\t\t\t\t<\/div>\n\t\t<\/section>\n\t\t\t\t\t\t<\/div>\n\t\t\t\t\t\t<\/div>\n\t\t\t\t\t<\/div>\n\t\t","protected":false},"excerpt":{"rendered":"<p>Entwurf, Produktion und Montage von landwirtschaftlichen Bogenhallen und Zelthallen: Eine ideale L\u00f6sung f\u00fcr alle, die eine Struktur suchen, die schnell zu montieren, wirtschaftlich und dennoch robust und langlebig ist. Die Bogenhallen von DUEA sind das ideale Produkt f\u00fcr alle, die eine Scheune, ein Lager f\u00fcr landwirtschaftliche Maschinen, einen Ger\u00e4teschuppen, einen Rinderstall, einen Schaf- oder Ziegenstall &hellip; <a href=\"https:\/\/www.antoniniduea.it\/de\/landwirtschaftlichen-bogenhallen-und-zelthallen\/\" class=\"more-link\">Continue reading<span class=\"screen-reader-text\"> &#8220;Landwirtschaftlichen Bogenhallen und Zelthallen&#8221;<\/span><\/a><\/p>\n","protected":false},"author":8,"featured_media":0,"parent":0,"menu_order":0,"comment_status":"closed","ping_status":"closed","template":"page-categoria.php","meta":[],"yoast_head":"<!-- This site is optimized with the Yoast SEO plugin v15.9.1 - https:\/\/yoast.com\/wordpress\/plugins\/seo\/ -->\n<title>Landwirtschaftlichen Bogenhallen und Zelthallen | Due A<\/title>\n<meta name=\"description\" content=\"Entwurf, Produktion und Montage von landwirtschaftlichen Bogenhallen und Zelthallen: Eine ideale L\u00f6sung f\u00fcr alle, die eine Struktur suchen...\" \/>\n<link rel=\"canonical\" href=\"https:\/\/www.antoniniduea.it\/de\/landwirtschaftlichen-bogenhallen-und-zelthallen\/\" \/>\n<meta property=\"og:locale\" content=\"de_DE\" \/>\n<meta property=\"og:type\" content=\"article\" \/>\n<meta property=\"og:title\" content=\"Landwirtschaftlichen Bogenhallen und Zelthallen | Due A\" \/>\n<meta property=\"og:description\" content=\"Entwurf, Produktion und Montage von landwirtschaftlichen Bogenhallen und Zelthallen: Eine ideale L\u00f6sung f\u00fcr alle, die eine Struktur suchen...\" \/>\n<meta property=\"og:url\" content=\"https:\/\/www.antoniniduea.it\/de\/landwirtschaftlichen-bogenhallen-und-zelthallen\/\" \/>\n<meta property=\"og:site_name\" content=\"DUE A\" \/>\n<meta property=\"article:modified_time\" content=\"2022-08-30T15:59:07+00:00\" \/>\n<meta name=\"twitter:card\" content=\"summary_large_image\" \/>\n<meta name=\"twitter:label1\" content=\"Gesch\u00e4tzte Lesezeit\">\n\t<meta name=\"twitter:data1\" content=\"1 Minute\">\n<script type=\"application\/ld+json\" class=\"yoast-schema-graph\">{\"@context\":\"https:\/\/schema.org\",\"@graph\":[{\"@type\":\"Organization\",\"@id\":\"https:\/\/www.antoniniduea.it\/de\/#organization\",\"name\":\"Antonini DueA\",\"url\":\"https:\/\/www.antoniniduea.it\/de\/\",\"sameAs\":[],\"logo\":{\"@type\":\"ImageObject\",\"@id\":\"https:\/\/www.antoniniduea.it\/de\/#logo\",\"inLanguage\":\"de-DE\",\"url\":\"https:\/\/www.antoniniduea.it\/wp-content\/uploads\/2021\/03\/logo-duea-agrizootech.png\",\"width\":187,\"height\":100,\"caption\":\"Antonini DueA\"},\"image\":{\"@id\":\"https:\/\/www.antoniniduea.it\/de\/#logo\"}},{\"@type\":\"WebSite\",\"@id\":\"https:\/\/www.antoniniduea.it\/de\/#website\",\"url\":\"https:\/\/www.antoniniduea.it\/de\/\",\"name\":\"DUE A\",\"description\":\"Produzione Tunnel Agricoli, Box per vitelli nuovi e usati\",\"publisher\":{\"@id\":\"https:\/\/www.antoniniduea.it\/de\/#organization\"},\"potentialAction\":[{\"@type\":\"SearchAction\",\"target\":\"https:\/\/www.antoniniduea.it\/de\/?s={search_term_string}\",\"query-input\":\"required name=search_term_string\"}],\"inLanguage\":\"de-DE\"},{\"@type\":\"WebPage\",\"@id\":\"https:\/\/www.antoniniduea.it\/de\/landwirtschaftlichen-bogenhallen-und-zelthallen\/#webpage\",\"url\":\"https:\/\/www.antoniniduea.it\/de\/landwirtschaftlichen-bogenhallen-und-zelthallen\/\",\"name\":\"Landwirtschaftlichen Bogenhallen und Zelthallen | Due A\",\"isPartOf\":{\"@id\":\"https:\/\/www.antoniniduea.it\/de\/#website\"},\"datePublished\":\"2019-08-05T09:49:23+00:00\",\"dateModified\":\"2022-08-30T15:59:07+00:00\",\"description\":\"Entwurf, Produktion und Montage von landwirtschaftlichen Bogenhallen und Zelthallen: Eine ideale L\\u00f6sung f\\u00fcr alle, die eine Struktur suchen...\",\"breadcrumb\":{\"@id\":\"https:\/\/www.antoniniduea.it\/de\/landwirtschaftlichen-bogenhallen-und-zelthallen\/#breadcrumb\"},\"inLanguage\":\"de-DE\",\"potentialAction\":[{\"@type\":\"ReadAction\",\"target\":[\"https:\/\/www.antoniniduea.it\/de\/landwirtschaftlichen-bogenhallen-und-zelthallen\/\"]}]},{\"@type\":\"BreadcrumbList\",\"@id\":\"https:\/\/www.antoniniduea.it\/de\/landwirtschaftlichen-bogenhallen-und-zelthallen\/#breadcrumb\",\"itemListElement\":[{\"@type\":\"ListItem\",\"position\":1,\"item\":{\"@type\":\"WebPage\",\"@id\":\"https:\/\/www.antoniniduea.it\/de\/\",\"url\":\"https:\/\/www.antoniniduea.it\/de\/\",\"name\":\"Home\"}},{\"@type\":\"ListItem\",\"position\":2,\"item\":{\"@type\":\"WebPage\",\"@id\":\"https:\/\/www.antoniniduea.it\/de\/landwirtschaftlichen-bogenhallen-und-zelthallen\/\",\"url\":\"https:\/\/www.antoniniduea.it\/de\/landwirtschaftlichen-bogenhallen-und-zelthallen\/\",\"name\":\"Landwirtschaftlichen Bogenhallen und Zelthallen\"}}]}]}<\/script>\n<!-- \/ Yoast SEO plugin. -->","_links":{"self":[{"href":"https:\/\/www.antoniniduea.it\/de\/wp-json\/wp\/v2\/pages\/5918"}],"collection":[{"href":"https:\/\/www.antoniniduea.it\/de\/wp-json\/wp\/v2\/pages"}],"about":[{"href":"https:\/\/www.antoniniduea.it\/de\/wp-json\/wp\/v2\/types\/page"}],"author":[{"embeddable":true,"href":"https:\/\/www.antoniniduea.it\/de\/wp-json\/wp\/v2\/users\/8"}],"replies":[{"embeddable":true,"href":"https:\/\/www.antoniniduea.it\/de\/wp-json\/wp\/v2\/comments?post=5918"}],"version-history":[{"count":9,"href":"https:\/\/www.antoniniduea.it\/de\/wp-json\/wp\/v2\/pages\/5918\/revisions"}],"predecessor-version":[{"id":9276,"href":"https:\/\/www.antoniniduea.it\/de\/wp-json\/wp\/v2\/pages\/5918\/revisions\/9276"}],"wp:attachment":[{"href":"https:\/\/www.antoniniduea.it\/de\/wp-json\/wp\/v2\/media?parent=5918"}],"curies":[{"name":"wp","href":"https:\/\/api.w.org\/{rel}","templated":true}]}}